{"id":2027,"date":"2014-01-24T14:43:13","date_gmt":"2014-01-24T13:43:13","guid":{"rendered":"http:\/\/rechtschreipunk.de\/?page_id=2027"},"modified":"2019-02-20T16:09:33","modified_gmt":"2019-02-20T15:09:33","slug":"herzlich-willkommen","status":"publish","type":"page","link":"https:\/\/rechtschreipunk.de\/","title":{"rendered":"Presseinfos\/-fotos"},"content":{"rendered":"<p><em>Gestatten Parkster,\u00a0Peter Parkster,\u00a0Poetry Slammer und Autor.<\/em><\/p>\n<p><img loading=\"lazy\" decoding=\"async\" class=\"aligncenter size-large wp-image-2921\" src=\"https:\/\/parkster.de\/wp-content\/uploads\/2019\/02\/frankenslam-x-opernhaus-nuernberg-18-1200x800-1-1024x683.jpg\" alt=\"\" width=\"605\" height=\"404\" srcset=\"https:\/\/rechtschreipunk.de\/wp-content\/uploads\/2019\/02\/frankenslam-x-opernhaus-nuernberg-18-1200x800-1-1024x683.jpg 1024w, https:\/\/rechtschreipunk.de\/wp-content\/uploads\/2019\/02\/frankenslam-x-opernhaus-nuernberg-18-1200x800-1-300x200.jpg 300w, https:\/\/rechtschreipunk.de\/wp-content\/uploads\/2019\/02\/frankenslam-x-opernhaus-nuernberg-18-1200x800-1-768x512.jpg 768w, https:\/\/rechtschreipunk.de\/wp-content\/uploads\/2019\/02\/frankenslam-x-opernhaus-nuernberg-18-1200x800-1-100x67.jpg 100w, https:\/\/rechtschreipunk.de\/wp-content\/uploads\/2019\/02\/frankenslam-x-opernhaus-nuernberg-18-1200x800-1-150x100.jpg 150w, https:\/\/rechtschreipunk.de\/wp-content\/uploads\/2019\/02\/frankenslam-x-opernhaus-nuernberg-18-1200x800-1-200x133.jpg 200w, https:\/\/rechtschreipunk.de\/wp-content\/uploads\/2019\/02\/frankenslam-x-opernhaus-nuernberg-18-1200x800-1-450x300.jpg 450w, https:\/\/rechtschreipunk.de\/wp-content\/uploads\/2019\/02\/frankenslam-x-opernhaus-nuernberg-18-1200x800-1-600x400.jpg 600w, https:\/\/rechtschreipunk.de\/wp-content\/uploads\/2019\/02\/frankenslam-x-opernhaus-nuernberg-18-1200x800-1-900x600.jpg 900w, https:\/\/rechtschreipunk.de\/wp-content\/uploads\/2019\/02\/frankenslam-x-opernhaus-nuernberg-18-1200x800-1.jpg 1200w\" sizes=\"auto, (max-width: 605px) 100vw, 605px\" \/><\/p>\n<p align=\"justify\">Seit 2007 gehe ich diesem Hobby nach, was mich von Sylt bis Lindau (Bodensee) und von Dresden bis K\u00f6ln quer durch die Republik f\u00fchrte. Bei den deutschsprachigen Meisterschaften 2008 (Z\u00fcrich) und 2009 (D\u00fcsseldorf) durfte ich die Nachbarstadt F\u00fcrth vertreten und auch f\u00fcr die Meisterschaften 2013\u00a0in Bielefeld qualifizierte ich mich unter dem Wappen des Kleeblatts. Weitere Auftritt au\u00dferhalb der Bundesrepublik fanden unter anderem in Salzburg oder Z\u00fcrich statt.<\/p>\n<p align=\"justify\">Bei den fr\u00e4nkischen Meisterschaften des Poetry Slam (Frankenslam) 2011 in F\u00fcrth musste ich mich knapp mit dem zweiten Platz geschlagen geben, was mich f\u00fcr die Teilnahme 2014 in Bayreuth\u00a0um so mehr motivierte und schlie\u00dflich zum Titel f\u00fchrte. Den ich leider &#8211; wie ich hier anmerken muss &#8211; 2015 in Schweinfurt wegen 0,1 Punkten nicht verteidigen konnte. Tja, da kann man nix machen.<\/p>\n<p align=\"justify\">Im Oktober 2012 war ich Teilnehmer des bisher einzigen bekannten 25-Stunden-Weltrekord-Poetry Slam anl\u00e4sslich der Neuer\u00f6ffnung der Stadtbibliothek N\u00fcrnberg, welchen ich nach den genannten 25 Stunden und 17 gelesen Texten f\u00fcr mich entscheiden konnte.<\/p>\n<p align=\"justify\">Zusammen mit den Kollegen Michael Jakob (N\u00fcrnberg), Gymmick (N\u00fcrnberg) und Thomas Schmidt (Schwabach) bilde ich die Stammbesetzung der fr\u00e4nkischen Leseb\u00fchne &#8218;<em>Das Lesen der Anderen<\/em> (DLDA)&#8216;, die seit September 2013\u00a0in F\u00fcrth (Kofferfabrik) und N\u00fcrnberg (Anfangs Cinecitta, ab 10\/15 im Zentralcaf\u00e9)\u00a0vertreten ist. Weiterhin gab es auch schon Gastspiele von DLDA in Schwabach und Erlangen.<\/p>\n<p align=\"justify\">Neben den Auftritten bei Poetry Slams und als Mitglied der Leseb\u00fchne &#8222;Das Lesen der Anderen&#8220;, war ich dichtenderweise bereits t\u00e4tig f\u00fcr die &#8218;Deutsche Akademie f\u00fcr Fu\u00dfballkultur&#8216;, das ZDF (&#8218;Das aktuelle Sportstudio&#8216;), sowie f\u00fcr den &#8218;SportService der Stadt N\u00fcrnberg&#8216; (im Rahmen der Ehrung der &#8218;Sportler des Jahres 2014&#8216;).<\/p>\n<p>FOTOS<\/p>\n<p><img loading=\"lazy\" decoding=\"async\" src=\"https:\/\/parkster.de\/wp-content\/uploads\/2011\/02\/384332_273839902662415_100001092230856_762278_103209253_n.jpg\" alt=\"\" width=\"480\" height=\"640\" class=\"aligncenter size-full wp-image-528\" srcset=\"https:\/\/rechtschreipunk.de\/wp-content\/uploads\/2011\/02\/384332_273839902662415_100001092230856_762278_103209253_n.jpg 480w, https:\/\/rechtschreipunk.de\/wp-content\/uploads\/2011\/02\/384332_273839902662415_100001092230856_762278_103209253_n-225x300.jpg 225w\" sizes=\"auto, (max-width: 480px) 100vw, 480px\" \/><\/p>\n<p><img loading=\"lazy\" decoding=\"async\" src=\"https:\/\/parkster.de\/wp-content\/uploads\/2011\/02\/6414287155_aaf76f2ddf_b-e1322497972837.jpg\" alt=\"\" width=\"480\" height=\"640\" class=\"aligncenter size-full wp-image-532\" \/><\/p>\n<p><img loading=\"lazy\" decoding=\"async\" src=\"https:\/\/parkster.de\/wp-content\/uploads\/2011\/02\/Peter-Tobi-033-680x1024.jpg\" alt=\"\" width=\"605\" height=\"911\" class=\"aligncenter size-large wp-image-1656\" srcset=\"https:\/\/rechtschreipunk.de\/wp-content\/uploads\/2011\/02\/Peter-Tobi-033-680x1024.jpg 680w, https:\/\/rechtschreipunk.de\/wp-content\/uploads\/2011\/02\/Peter-Tobi-033-199x300.jpg 199w, https:\/\/rechtschreipunk.de\/wp-content\/uploads\/2011\/02\/Peter-Tobi-033.jpg 940w\" sizes=\"auto, (max-width: 605px) 100vw, 605px\" \/><\/p>\n<p><img loading=\"lazy\" decoding=\"async\" src=\"https:\/\/parkster.de\/wp-content\/uploads\/2019\/02\/04.jpg\" alt=\"\" width=\"800\" height=\"533\" class=\"aligncenter size-full wp-image-2869\" srcset=\"https:\/\/rechtschreipunk.de\/wp-content\/uploads\/2019\/02\/04.jpg 800w, https:\/\/rechtschreipunk.de\/wp-content\/uploads\/2019\/02\/04-300x200.jpg 300w, https:\/\/rechtschreipunk.de\/wp-content\/uploads\/2019\/02\/04-768x512.jpg 768w, https:\/\/rechtschreipunk.de\/wp-content\/uploads\/2019\/02\/04-100x67.jpg 100w, https:\/\/rechtschreipunk.de\/wp-content\/uploads\/2019\/02\/04-150x100.jpg 150w, https:\/\/rechtschreipunk.de\/wp-content\/uploads\/2019\/02\/04-200x133.jpg 200w, https:\/\/rechtschreipunk.de\/wp-content\/uploads\/2019\/02\/04-450x300.jpg 450w, https:\/\/rechtschreipunk.de\/wp-content\/uploads\/2019\/02\/04-600x400.jpg 600w\" sizes=\"auto, (max-width: 800px) 100vw, 800px\" \/><\/p>\n<p>Photok\u00fcnstlerInnen:<br \/>\n<a href=\"http:\/\/volker-hackmann.de\" target=\"blank\">Volker Hackmann<\/a><br \/>\n<a href=\"http:\/\/www.facing-my-life.de\/\" target=\"blank\">J\u00f6rg Huber<\/a><br \/>\n<a href=\"http:\/\/jeske.it\/Home.html\" target=\"blank\">Ralph Jeske<\/a><br \/>\n<a href=\"https:\/\/mint-sugar.de\/\" target=\"blank\">Anna-Lena Stra\u00dfer<\/a><\/p>\n","protected":false},"excerpt":{"rendered":"<p>Gestatten Parkster,\u00a0Peter Parkster,\u00a0Poetry Slammer und Autor. Seit 2007 gehe ich diesem Hobby nach, was mich von Sylt bis Lindau (Bodensee) und von Dresden bis K\u00f6ln quer durch die Republik f\u00fchrte. Bei den deutschsprachigen Meisterschaften 2008 (Z\u00fcrich) und 2009 (D\u00fcsseldorf) durfte &hellip;<\/p>\n<p class=\"read-more\"> <a class=\"more-link\" href=\"https:\/\/rechtschreipunk.de\/\"> <span class=\"screen-reader-text\">Presseinfos\/-fotos<\/span> Weiterlesen &raquo;<\/a><\/p>\n","protected":false},"author":1,"featured_media":1921,"parent":0,"menu_order":0,"comment_status":"closed","ping_status":"closed","template":"","meta":{"footnotes":""},"class_list":["post-2027","page","type-page","status-publish","has-post-thumbnail","hentry"],"_links":{"self":[{"href":"https:\/\/rechtschreipunk.de\/index.php?rest_route=\/wp\/v2\/pages\/2027","targetHints":{"allow":["GET"]}}],"collection":[{"href":"https:\/\/rechtschreipunk.de\/index.php?rest_route=\/wp\/v2\/pages"}],"about":[{"href":"https:\/\/rechtschreipunk.de\/index.php?rest_route=\/wp\/v2\/types\/page"}],"author":[{"embeddable":true,"href":"https:\/\/rechtschreipunk.de\/index.php?rest_route=\/wp\/v2\/users\/1"}],"replies":[{"embeddable":true,"href":"https:\/\/rechtschreipunk.de\/index.php?rest_route=%2Fwp%2Fv2%2Fcomments&post=2027"}],"version-history":[{"count":20,"href":"https:\/\/rechtschreipunk.de\/index.php?rest_route=\/wp\/v2\/pages\/2027\/revisions"}],"predecessor-version":[{"id":2924,"href":"https:\/\/rechtschreipunk.de\/index.php?rest_route=\/wp\/v2\/pages\/2027\/revisions\/2924"}],"wp:featuredmedia":[{"embeddable":true,"href":"https:\/\/rechtschreipunk.de\/index.php?rest_route=\/wp\/v2\/media\/1921"}],"wp:attachment":[{"href":"https:\/\/rechtschreipunk.de\/index.php?rest_route=%2Fwp%2Fv2%2Fmedia&parent=2027"}],"curies":[{"name":"wp","href":"https:\/\/api.w.org\/{rel}","templated":true}]}}