{"id":10,"date":"2011-02-09T20:41:03","date_gmt":"2011-02-09T19:41:03","guid":{"rendered":"http:\/\/rechtschreipunk.de\/?page_id=10"},"modified":"2020-05-18T11:54:54","modified_gmt":"2020-05-18T10:54:54","slug":"termine","status":"publish","type":"page","link":"https:\/\/rechtschreipunk.de\/?page_id=10","title":{"rendered":"Termine"},"content":{"rendered":"<p><img loading=\"lazy\" decoding=\"async\" class=\"size-medium wp-image-2974 alignright\" src=\"https:\/\/rechtschreipunk.de\/wp-content\/uploads\/2019\/02\/calendar-1990453_640-300x200.jpg\" alt=\"\" width=\"300\" height=\"200\" srcset=\"https:\/\/rechtschreipunk.de\/wp-content\/uploads\/2019\/02\/calendar-1990453_640-300x200.jpg 300w, https:\/\/rechtschreipunk.de\/wp-content\/uploads\/2019\/02\/calendar-1990453_640-100x67.jpg 100w, https:\/\/rechtschreipunk.de\/wp-content\/uploads\/2019\/02\/calendar-1990453_640-150x100.jpg 150w, https:\/\/rechtschreipunk.de\/wp-content\/uploads\/2019\/02\/calendar-1990453_640-200x133.jpg 200w, https:\/\/rechtschreipunk.de\/wp-content\/uploads\/2019\/02\/calendar-1990453_640-450x300.jpg 450w, https:\/\/rechtschreipunk.de\/wp-content\/uploads\/2019\/02\/calendar-1990453_640-600x399.jpg 600w, https:\/\/rechtschreipunk.de\/wp-content\/uploads\/2019\/02\/calendar-1990453_640.jpg 640w\" sizes=\"auto, (max-width: 300px) 100vw, 300px\" \/><\/p>\n<p><strong>+++ CORONA +++<\/strong><\/p>\n<p><strong>DERZEIT SIND KEINE WEITEREN AUFTRITTE GEPLANT<\/strong><\/p>\n<p><strong>+++ CORONA +++<\/strong><\/p>\n<p>&nbsp;<\/p>\n<p>kommende:<br \/>\n18.03.20 <del>Das Lesen der Anderen &#8211; Spezial (N\u00fcrnberg)<\/del> CORONA<\/p>\n<p>07.04.20 <del>Poetry &amp; Parade M\u00fcnchen<\/del> CORONA<br \/>\n24.04.20 <del>Paartage Schweinfurt<\/del> CORONA<br \/>\n25.04.20 Br\u00fcllaffenslam Ingolstadt<\/p>\n<p>05.05.20 Das Lesen der Anderen &#8211; Spezial (F\u00fcrth)<br \/>\n07.05.20 <del>Bayern Slam Regensburg<\/del> CORONA<br \/>\n08.05.20 <del>Bayern Slam Regensburg<\/del> CORONA<br \/>\n09.05.20 <del>Bayern Slam Regensburg<\/del> CORONA<br \/>\n22.05.20 <del>Trauung M\u00fcnchen (private Feier)<\/del><\/p>\n<p>19.05.20 <del>Klanggrenzen Festival Coburg (Schulkonzert)<\/del><br \/>\n21.06.20 <del>Klanggrenzen Festival Coburg (Konzert)<\/del><\/p>\n<p>vergangene:<br \/>\n02.02.17 Poetry Slam Wien<br \/>\n19.02.17 Poetry Slam Stuttgart (Keller Club)<br \/>\n21.02.17 Schwabinger Poetry Slam<br \/>\n22.02.17 Poetry Slam Konstanz<br \/>\n23.02.17 Poetry Slam Freiburg<br \/>\n24.02.17 Poetry Slam Friedrichshafen<br \/>\n25.02.17 Poetry Slam Ulm<br \/>\n07.03.17 DLDA N\u00fcrnberg<br \/>\n24.03.17 Poetry Slam Gerolzhofen<br \/>\n25.03.17 Poetry Slam Schweinfurt<br \/>\n28.03.17 DLDA F\u00fcrth<br \/>\n30.03.17 Bayernslam 2017 M\u00fcnchen<br \/>\n31.03.17 Bayernslam 2017 M\u00fcnchen<br \/>\n01.04.17 Bayernslam 2017 M\u00fcnchen<br \/>\n25.04.17 DLDA N\u00fcrnberg<br \/>\n28.04.17 Frankenslam 2017 Roth<br \/>\n06.05.17 Slam zur Blauen Nacht 2017<br \/>\n28.10.17 Poetry Slam B\u00fchne N\u00fcrnberg.Pop<br \/>\n08.07.18 Klanggrenzen Festival Coburg<br \/>\n31.07.18 5 Jahre DLDA Special<br \/>\n09.09.18 Tag des offenen Denkmals<br \/>\n22.09.18 60. Br\u00fcllaffenslam Ingolstadt<br \/>\n27.09.18 El Magos Tretboot #4<br \/>\n19.10.18 Poetry Slam Chemnitz<br \/>\n20.10.18 Poetry Slam Madgeburg<br \/>\n22.10.18 Schwabinger Poetry Slam<br \/>\n23.10.18 DLDA F\u00fcrth<br \/>\n28.11.18 Poetry Slam Ingolstadt<br \/>\n29.11.18 El Magos Tretboot<br \/>\n06.12.18 Leseb\u00fchne Ingolstadt<br \/>\n13.12.18 geschlossene Veranstaltung F\u00dc<br \/>\n14.12.18 geschlossene Veranstaltung F\u00dc<br \/>\n18.12.18 DLDA N\u00fcrnberg<br \/>\n20.12.18 geschlossene Veranstaltung Nbg<br \/>\n22.01.19 DLDA F\u00fcrth<br \/>\n26.01.19 Auftritt (private Feier)<br \/>\n06.02.19 El Magos Tretboot<br \/>\n13.03.19 Lesen f\u00fcr Bier N\u00fcrnberg<br \/>\n26.03.19 DLDA N\u00fcrnberg<br \/>\n03.04.19 Poetry Slam Freising<br \/>\n10.04.19 El Magos Tretboot<br \/>\n13.04.19 Poetry Slam Ulm<br \/>\n30.04.19 DLDA F\u00fcrth<br \/>\n03.05.19 Poetry Slam Regensburg<br \/>\n06.05.19 Kirchenslam Ingolstadt<br \/>\n10.05.19 NachtAktiv Ingolstadt<br \/>\n11.05.19 Br\u00fcllaffenslam Ingolstadt<br \/>\n17.\/18.05.19 Bayernslam 2019 Erlangen<br \/>\n15.06.19 Donauuferslam Ingolstadt<br \/>\n31.08.19 Br\u00fcllaffenslam Ingolstadt<br \/>\n07.09.19 Lesen f\u00fcr Bier Ingolstadt<br \/>\n11.09.19 Auftritt bei der Bundesagentur f\u00fcr Arbeit<br \/>\n17.09.19 DLDA F\u00fcrth<br \/>\n12.10.19 Moderation bei N\u00fcrnberg.Pop<br \/>\n17.10.19 Slam M\u00fcnchen<br \/>\n05.11.19 DLDA F\u00fcrth<br \/>\n08.11.19 Slam &#8218;Gutes Geld&#8216; N\u00fcrnberg<br \/>\n26.11.19 Isar Slam M\u00fcnchen<br \/>\n17.12.19 DLDA N\u00fcrnberg<br \/>\n21.12.19 Br\u00fcllaffenslam Ingolstadt<br \/>\n18.02.20 DLDA F\u00fcrth<\/p>\n","protected":false},"excerpt":{"rendered":"<p>+++ CORONA +++ DERZEIT SIND KEINE WEITEREN AUFTRITTE GEPLANT +++ CORONA +++ &nbsp; kommende: 18.03.20 Das Lesen der Anderen &#8211; Spezial (N\u00fcrnberg) CORONA 07.04.20 Poetry &amp; Parade M\u00fcnchen CORONA 24.04.20 Paartage Schweinfurt CORONA 25.04.20 Br\u00fcllaffenslam Ingolstadt 05.05.20 Das Lesen der &hellip;<\/p>\n<p class=\"read-more\"> <a class=\"more-link\" href=\"https:\/\/rechtschreipunk.de\/?page_id=10\"> <span class=\"screen-reader-text\">Termine<\/span> Weiterlesen &raquo;<\/a><\/p>\n","protected":false},"author":1,"featured_media":0,"parent":0,"menu_order":2,"comment_status":"closed","ping_status":"closed","template":"","meta":{"footnotes":""},"class_list":["post-10","page","type-page","status-publish","hentry"],"_links":{"self":[{"href":"https:\/\/rechtschreipunk.de\/index.php?rest_route=\/wp\/v2\/pages\/10","targetHints":{"allow":["GET"]}}],"collection":[{"href":"https:\/\/rechtschreipunk.de\/index.php?rest_route=\/wp\/v2\/pages"}],"about":[{"href":"https:\/\/rechtschreipunk.de\/index.php?rest_route=\/wp\/v2\/types\/page"}],"author":[{"embeddable":true,"href":"https:\/\/rechtschreipunk.de\/index.php?rest_route=\/wp\/v2\/users\/1"}],"replies":[{"embeddable":true,"href":"https:\/\/rechtschreipunk.de\/index.php?rest_route=%2Fwp%2Fv2%2Fcomments&post=10"}],"version-history":[{"count":213,"href":"https:\/\/rechtschreipunk.de\/index.php?rest_route=\/wp\/v2\/pages\/10\/revisions"}],"predecessor-version":[{"id":3147,"href":"https:\/\/rechtschreipunk.de\/index.php?rest_route=\/wp\/v2\/pages\/10\/revisions\/3147"}],"wp:attachment":[{"href":"https:\/\/rechtschreipunk.de\/index.php?rest_route=%2Fwp%2Fv2%2Fmedia&parent=10"}],"curies":[{"name":"wp","href":"https:\/\/api.w.org\/{rel}","templated":true}]}}